{"id":15400,"date":"2023-05-25T16:22:24","date_gmt":"2023-05-25T20:22:24","guid":{"rendered":"https:\/\/staging.observatoireprevention.org\/?page_id=15400"},"modified":"2023-07-20T22:19:19","modified_gmt":"2023-07-21T02:19:19","slug":"about","status":"publish","type":"page","link":"https:\/\/observatoireprevention.org\/en\/about\/","title":{"rendered":"About"},"content":{"rendered":"\n<h1 class=\"wp-block-heading\">About<\/h1>\n\n\n\n<div class=\"wp-block-columns is-layout-flex wp-container-core-columns-is-layout-9d6595d7 wp-block-columns-is-layout-flex\">\n<div class=\"wp-block-column is-layout-flow wp-block-column-is-layout-flow\">\n<div style=\"height:50px\" aria-hidden=\"true\" class=\"wp-block-spacer\"><\/div>\n\n\n<div class=\"wp-block-image\">\n<figure class=\"aligncenter size-large is-resized\"><a href=\"https:\/\/www.icm-mhi.org\/en\" target=\"_blank\" rel=\"noreferrer noopener\"><img loading=\"lazy\" decoding=\"async\" src=\"https:\/\/observatoireprevention.org\/wp-content\/uploads\/2023\/05\/logo-institut-cardiologie-montreal.png\" alt=\"\" width=\"296\" height=\"93\"\/><\/a><\/figure>\n<\/div>\n\n\n<div style=\"height:50px\" aria-hidden=\"true\" class=\"wp-block-spacer\"><\/div>\n\n\n\n<h2 class=\"wp-block-heading has-medium-font-size\"><strong>The Observatoire de la pr\u00e9vention of the Montreal Heart Institute (MHI) is part of the Pr\u00e9vention Branch of the MHI.<\/strong><\/h2>\n\n\n\n<p class=\"text-justify has-medium-font-size\">The MHI is a hospital centre highly specialized in cardiology and dedicated to patient care, research, education, prevention, rehabilitation, and the evaluation of new technologies in cardiology. Always at the forefront of innovation, the MHI is a leader in its field and plays a leading role in Quebec, Canada, and the world. The MHI is affiliated with Universit\u00e9 de Montr\u00e9al.<\/p>\n\n\n\n<p class=\"has-medium-font-size\"><a href=\"https:\/\/www.icm-mhi.org\/en\" target=\"_blank\" rel=\"noreferrer noopener\">Montreal Heart Institute<\/a><\/p>\n<\/div>\n\n\n\n<div class=\"wp-block-column is-layout-flow wp-block-column-is-layout-flow\">\n<div style=\"height:50px\" aria-hidden=\"true\" class=\"wp-block-spacer\"><\/div>\n\n\n<div class=\"wp-block-image\">\n<figure class=\"aligncenter size-large is-resized\"><a href=\"https:\/\/fondationicm.org\/en\" target=\"_blank\" rel=\"noreferrer noopener\"><img loading=\"lazy\" decoding=\"async\" src=\"https:\/\/observatoireprevention.org\/wp-content\/uploads\/2023\/05\/logo-fondation-institut-cardiologie-montreal-300x113.png\" alt=\"Logo Fondation de l'Institut de cardiologie de Montr\u00e9al\" width=\"257\" height=\"95\"\/><\/a><\/figure>\n<\/div>\n\n\n<div style=\"height:45px\" aria-hidden=\"true\" class=\"wp-block-spacer\"><\/div>\n\n\n\n<h2 class=\"wp-block-heading has-medium-font-size\"><strong>The Observatoire de la pr\u00e9vention was created in partnership with the Montreal Heart Institute Foundation (MHIF).<\/strong><\/h2>\n\n\n\n<p class=\"text-justify has-medium-font-size\">The Foundation raises and administers funds to support research, patient care, education, prevention, rehabilitation, and the evaluation of the Montreal Heart Institute\u2019s new technologies. Through its work, the Foundation supports the excellence of an internationally renowned institution that serves all Quebecers.<\/p>\n\n\n\n<p class=\"has-medium-font-size\"><a rel=\"noreferrer noopener\" href=\"https:\/\/fondationicm.org\/en\" target=\"_blank\"><\/a><a href=\"https:\/\/fondationicm.org\/en\" target=\"_blank\" rel=\"noreferrer noopener\">Montreal Heart Institute Foundation<\/a><\/p>\n<\/div>\n<\/div>\n\n\n\n<div style=\"height:100px\" aria-hidden=\"true\" class=\"wp-block-spacer\"><\/div>\n","protected":false},"excerpt":{"rendered":"<p>About The Observatoire de la pr\u00e9vention of the Montreal Heart Institute (MHI) is part of the Pr\u00e9vention Branch of the MHI. The MHI is a hospital centre highly specialized in cardiology and dedicated to patient care, research, education, prevention, rehabilitation, and the evaluation of new technologies in cardiology. Always at the forefront of innovation, the [&hellip;]<\/p>\n","protected":false},"author":1,"featured_media":0,"parent":0,"menu_order":0,"comment_status":"closed","ping_status":"closed","template":"","meta":{"_acf_changed":false,"footnotes":""},"coauthors":[],"class_list":["post-15400","page","type-page","status-publish","hentry"],"acf":[],"yoast_head":"<!-- This site is optimized with the Yoast SEO plugin v27.1.1 - https:\/\/yoast.com\/product\/yoast-seo-wordpress\/ -->\n<title>About | Observatoire de la pr\u00e9vention de l&#039;Institut de Cardiologie de Montr\u00e9al<\/title>\n<meta name=\"robots\" content=\"index, follow, max-snippet:-1, max-image-preview:large, max-video-preview:-1\" \/>\n<link rel=\"canonical\" href=\"https:\/\/observatoireprevention.org\/en\/about\/\" \/>\n<meta property=\"og:locale\" content=\"en_US\" \/>\n<meta property=\"og:type\" content=\"article\" \/>\n<meta property=\"og:title\" content=\"About | Observatoire de la pr\u00e9vention de l&#039;Institut de Cardiologie de Montr\u00e9al\" \/>\n<meta property=\"og:description\" content=\"About The Observatoire de la pr\u00e9vention of the Montreal Heart Institute (MHI) is part of the Pr\u00e9vention Branch of the MHI. The MHI is a hospital centre highly specialized in cardiology and dedicated to patient care, research, education, prevention, rehabilitation, and the evaluation of new technologies in cardiology. Always at the forefront of innovation, the [&hellip;]\" \/>\n<meta property=\"og:url\" content=\"https:\/\/observatoireprevention.org\/en\/about\/\" \/>\n<meta property=\"og:site_name\" content=\"Observatoire de la pr\u00e9vention de l&#039;Institut de Cardiologie de Montr\u00e9al\" \/>\n<meta property=\"article:publisher\" content=\"https:\/\/www.facebook.com\/drjuneau\/\" \/>\n<meta property=\"article:modified_time\" content=\"2023-07-21T02:19:19+00:00\" \/>\n<meta property=\"og:image\" content=\"https:\/\/observatoireprevention.org\/wp-content\/uploads\/2023\/05\/logo-institut-cardiologie-montreal.png\" \/>\n<meta name=\"twitter:card\" content=\"summary_large_image\" \/>\n<meta name=\"twitter:site\" content=\"@PreventionICM\" \/>\n<meta name=\"twitter:label1\" content=\"Est. reading time\" \/>\n\t<meta name=\"twitter:data1\" content=\"1 minute\" \/>\n\t<meta name=\"twitter:label2\" content=\"Written by\" \/>\n\t<meta name=\"twitter:data2\" content=\"Bor\u00e9alis D\u00e9veloppement Inc.\" \/>\n<script type=\"application\/ld+json\" class=\"yoast-schema-graph\">{\"@context\":\"https:\/\/schema.org\",\"@graph\":[{\"@type\":\"WebPage\",\"@id\":\"https:\/\/observatoireprevention.org\/en\/about\/\",\"url\":\"https:\/\/observatoireprevention.org\/en\/about\/\",\"name\":\"About | Observatoire de la pr\u00e9vention de l&#039;Institut de Cardiologie de Montr\u00e9al\",\"isPartOf\":{\"@id\":\"https:\/\/observatoireprevention.org\/en\/#website\"},\"primaryImageOfPage\":{\"@id\":\"https:\/\/observatoireprevention.org\/en\/about\/#primaryimage\"},\"image\":{\"@id\":\"https:\/\/observatoireprevention.org\/en\/about\/#primaryimage\"},\"thumbnailUrl\":\"https:\/\/observatoireprevention.org\/wp-content\/uploads\/2023\/05\/logo-institut-cardiologie-montreal.png\",\"datePublished\":\"2023-05-25T20:22:24+00:00\",\"dateModified\":\"2023-07-21T02:19:19+00:00\",\"breadcrumb\":{\"@id\":\"https:\/\/observatoireprevention.org\/en\/about\/#breadcrumb\"},\"inLanguage\":\"en-CA\",\"potentialAction\":[{\"@type\":\"ReadAction\",\"target\":[\"https:\/\/observatoireprevention.org\/en\/about\/\"]}]},{\"@type\":\"ImageObject\",\"inLanguage\":\"en-CA\",\"@id\":\"https:\/\/observatoireprevention.org\/en\/about\/#primaryimage\",\"url\":\"https:\/\/observatoireprevention.org\/wp-content\/uploads\/2023\/05\/logo-institut-cardiologie-montreal.png\",\"contentUrl\":\"https:\/\/observatoireprevention.org\/wp-content\/uploads\/2023\/05\/logo-institut-cardiologie-montreal.png\"},{\"@type\":\"BreadcrumbList\",\"@id\":\"https:\/\/observatoireprevention.org\/en\/about\/#breadcrumb\",\"itemListElement\":[{\"@type\":\"ListItem\",\"position\":1,\"name\":\"Accueil\",\"item\":\"https:\/\/observatoireprevention.org\/en\/\"},{\"@type\":\"ListItem\",\"position\":2,\"name\":\"About\"}]},{\"@type\":\"WebSite\",\"@id\":\"https:\/\/observatoireprevention.org\/en\/#website\",\"url\":\"https:\/\/observatoireprevention.org\/en\/\",\"name\":\"Observatoire de la pr\u00e9vention de l'Institut de Cardiologie de Montr\u00e9al\",\"description\":\"Promouvoir la pr\u00e9vention des maladies cardiovasculaires pour allonger l\u2019esp\u00e9rance de vie en sant\u00e9.\",\"potentialAction\":[{\"@type\":\"SearchAction\",\"target\":{\"@type\":\"EntryPoint\",\"urlTemplate\":\"https:\/\/observatoireprevention.org\/en\/?s={search_term_string}\"},\"query-input\":{\"@type\":\"PropertyValueSpecification\",\"valueRequired\":true,\"valueName\":\"search_term_string\"}}],\"inLanguage\":\"en-CA\"}]}<\/script>\n<!-- \/ Yoast SEO plugin. -->","yoast_head_json":{"title":"About | Observatoire de la pr\u00e9vention de l&#039;Institut de Cardiologie de Montr\u00e9al","robots":{"index":"index","follow":"follow","max-snippet":"max-snippet:-1","max-image-preview":"max-image-preview:large","max-video-preview":"max-video-preview:-1"},"canonical":"https:\/\/observatoireprevention.org\/en\/about\/","og_locale":"en_US","og_type":"article","og_title":"About | Observatoire de la pr\u00e9vention de l&#039;Institut de Cardiologie de Montr\u00e9al","og_description":"About The Observatoire de la pr\u00e9vention of the Montreal Heart Institute (MHI) is part of the Pr\u00e9vention Branch of the MHI. The MHI is a hospital centre highly specialized in cardiology and dedicated to patient care, research, education, prevention, rehabilitation, and the evaluation of new technologies in cardiology. Always at the forefront of innovation, the [&hellip;]","og_url":"https:\/\/observatoireprevention.org\/en\/about\/","og_site_name":"Observatoire de la pr\u00e9vention de l&#039;Institut de Cardiologie de Montr\u00e9al","article_publisher":"https:\/\/www.facebook.com\/drjuneau\/","article_modified_time":"2023-07-21T02:19:19+00:00","og_image":[{"url":"https:\/\/observatoireprevention.org\/wp-content\/uploads\/2023\/05\/logo-institut-cardiologie-montreal.png","type":"","width":"","height":""}],"twitter_card":"summary_large_image","twitter_site":"@PreventionICM","twitter_misc":{"Est. reading time":"1 minute","Written by":"Bor\u00e9alis D\u00e9veloppement Inc."},"schema":{"@context":"https:\/\/schema.org","@graph":[{"@type":"WebPage","@id":"https:\/\/observatoireprevention.org\/en\/about\/","url":"https:\/\/observatoireprevention.org\/en\/about\/","name":"About | Observatoire de la pr\u00e9vention de l&#039;Institut de Cardiologie de Montr\u00e9al","isPartOf":{"@id":"https:\/\/observatoireprevention.org\/en\/#website"},"primaryImageOfPage":{"@id":"https:\/\/observatoireprevention.org\/en\/about\/#primaryimage"},"image":{"@id":"https:\/\/observatoireprevention.org\/en\/about\/#primaryimage"},"thumbnailUrl":"https:\/\/observatoireprevention.org\/wp-content\/uploads\/2023\/05\/logo-institut-cardiologie-montreal.png","datePublished":"2023-05-25T20:22:24+00:00","dateModified":"2023-07-21T02:19:19+00:00","breadcrumb":{"@id":"https:\/\/observatoireprevention.org\/en\/about\/#breadcrumb"},"inLanguage":"en-CA","potentialAction":[{"@type":"ReadAction","target":["https:\/\/observatoireprevention.org\/en\/about\/"]}]},{"@type":"ImageObject","inLanguage":"en-CA","@id":"https:\/\/observatoireprevention.org\/en\/about\/#primaryimage","url":"https:\/\/observatoireprevention.org\/wp-content\/uploads\/2023\/05\/logo-institut-cardiologie-montreal.png","contentUrl":"https:\/\/observatoireprevention.org\/wp-content\/uploads\/2023\/05\/logo-institut-cardiologie-montreal.png"},{"@type":"BreadcrumbList","@id":"https:\/\/observatoireprevention.org\/en\/about\/#breadcrumb","itemListElement":[{"@type":"ListItem","position":1,"name":"Accueil","item":"https:\/\/observatoireprevention.org\/en\/"},{"@type":"ListItem","position":2,"name":"About"}]},{"@type":"WebSite","@id":"https:\/\/observatoireprevention.org\/en\/#website","url":"https:\/\/observatoireprevention.org\/en\/","name":"Observatoire de la pr\u00e9vention de l'Institut de Cardiologie de Montr\u00e9al","description":"Promouvoir la pr\u00e9vention des maladies cardiovasculaires pour allonger l\u2019esp\u00e9rance de vie en sant\u00e9.","potentialAction":[{"@type":"SearchAction","target":{"@type":"EntryPoint","urlTemplate":"https:\/\/observatoireprevention.org\/en\/?s={search_term_string}"},"query-input":{"@type":"PropertyValueSpecification","valueRequired":true,"valueName":"search_term_string"}}],"inLanguage":"en-CA"}]}},"_links":{"self":[{"href":"https:\/\/observatoireprevention.org\/en\/wp-json\/wp\/v2\/pages\/15400","targetHints":{"allow":["GET"]}}],"collection":[{"href":"https:\/\/observatoireprevention.org\/en\/wp-json\/wp\/v2\/pages"}],"about":[{"href":"https:\/\/observatoireprevention.org\/en\/wp-json\/wp\/v2\/types\/page"}],"author":[{"embeddable":true,"href":"https:\/\/observatoireprevention.org\/en\/wp-json\/wp\/v2\/users\/1"}],"replies":[{"embeddable":true,"href":"https:\/\/observatoireprevention.org\/en\/wp-json\/wp\/v2\/comments?post=15400"}],"version-history":[{"count":0,"href":"https:\/\/observatoireprevention.org\/en\/wp-json\/wp\/v2\/pages\/15400\/revisions"}],"wp:attachment":[{"href":"https:\/\/observatoireprevention.org\/en\/wp-json\/wp\/v2\/media?parent=15400"}],"wp:term":[{"taxonomy":"author","embeddable":true,"href":"https:\/\/observatoireprevention.org\/en\/wp-json\/wp\/v2\/coauthors?post=15400"}],"curies":[{"name":"wp","href":"https:\/\/api.w.org\/{rel}","templated":true}]}}