{"id":15415,"date":"2023-05-25T16:39:46","date_gmt":"2023-05-25T20:39:46","guid":{"rendered":"https:\/\/staging.observatoireprevention.org\/?page_id=15415"},"modified":"2023-06-21T20:44:17","modified_gmt":"2023-06-22T00:44:17","slug":"authors","status":"publish","type":"page","link":"https:\/\/observatoireprevention.org\/en\/authors\/","title":{"rendered":"Authors"},"content":{"rendered":"\n<h1 class=\"wp-block-heading\">Authors<\/h1>\n\n\n<div class=\"row\"><div class=\"col-md-6 col-lg-4 mb-5 px-4\"><div class=\"card h-100 p-4 d-flex flex-column\"><div class=\"text-center my-3\"><a href=\"https:\/\/observatoireprevention.org\/en\/author\/dominique-boivin\/\"><img decoding=\"async\" src=\"https:\/\/secure.gravatar.com\/avatar\/a19299e8f7314443a0414c3152fb35ca65512e4d9ef4d00dfe2c328bded64339?s=150&d=mm&r=g\" class=\"card-img-top img-fluid\" alt=\"Dominique Boivin\" style=\"width: 175px; height: 175px; object-fit: cover;\"><\/a><\/div><div class=\"card-body\"><h5 class=\"card-title\"><a href=\"https:\/\/observatoireprevention.org\/en\/author\/dominique-boivin\/\">Dominique Boivin<\/a><\/h5><p class=\"card-text text-break text-justify\"><\/p><\/div><div class=\"mt-auto text-center\"><a href=\"https:\/\/observatoireprevention.org\/en\/author\/dominique-boivin\/\" class=\"btn btn-warning\">See all articles<\/a><\/div><\/div><\/div><div class=\"col-md-6 col-lg-4 mb-5 px-4\"><div class=\"card h-100 p-4 d-flex flex-column\"><div class=\"text-center my-3\"><a href=\"https:\/\/observatoireprevention.org\/en\/author\/dr-daniel-gagnon\/\"><img decoding=\"async\" src=\"https:\/\/observatoireprevention.org\/wp-content\/uploads\/2023\/05\/dr-daniel-gagnon-150x150.jpg\" class=\"card-img-top img-fluid\" alt=\"Dr Daniel Gagnon, Ph. D.\" style=\"width: 175px; height: 175px; object-fit: cover;\"><\/a><\/div><div class=\"card-body\"><h5 class=\"card-title\"><a href=\"https:\/\/observatoireprevention.org\/en\/author\/dr-daniel-gagnon\/\">Dr Daniel Gagnon, Ph. D.<\/a><\/h5><p class=\"card-text text-break text-justify\">Chercheur au centre \u00c9PIC de l\u2019ICM. Professeur \u00e0 l\u2019\u00c9cole de kin\u00e9siologie et des sciences de l\u2019activit\u00e9 physique, Facult\u00e9 de m\u00e9decine, Universit\u00e9 de Montr\u00e9al.<\/p><\/div><div class=\"mt-auto text-center\"><a href=\"https:\/\/observatoireprevention.org\/en\/author\/dr-daniel-gagnon\/\" class=\"btn btn-warning\">See all articles<\/a><\/div><\/div><\/div><div class=\"col-md-6 col-lg-4 mb-5 px-4\"><div class=\"card h-100 p-4 d-flex flex-column\"><div class=\"text-center my-3\"><a href=\"https:\/\/observatoireprevention.org\/en\/author\/dr-eric-thorin\/\"><img decoding=\"async\" src=\"https:\/\/observatoireprevention.org\/wp-content\/uploads\/2025\/03\/cropped-Eric-Thorin-150x150.jpg\" class=\"card-img-top img-fluid\" alt=\"Dr \u00c9ric Thorin, Ph. D.\" style=\"width: 175px; height: 175px; object-fit: cover;\"><\/a><\/div><div class=\"card-body\"><h5 class=\"card-title\"><a href=\"https:\/\/observatoireprevention.org\/en\/author\/dr-eric-thorin\/\">Dr \u00c9ric Thorin, Ph. D.<\/a><\/h5><p class=\"card-text text-break text-justify\">Professeur titulaire, D\u00e9partement de Chirurgie, Universit\u00e9 de Montr\u00e9al.  Chercheur au centre de recherche de l'Institut de cardiologie de Montr\u00e9al.<\/p><\/div><div class=\"mt-auto text-center\"><a href=\"https:\/\/observatoireprevention.org\/en\/author\/dr-eric-thorin\/\" class=\"btn btn-warning\">See all articles<\/a><\/div><\/div><\/div><div class=\"col-md-6 col-lg-4 mb-5 px-4\"><div class=\"card h-100 p-4 d-flex flex-column\"><div class=\"text-center my-3\"><a href=\"https:\/\/observatoireprevention.org\/en\/author\/dr-francois-reeves\/\"><img decoding=\"async\" src=\"https:\/\/observatoireprevention.org\/wp-content\/uploads\/2023\/05\/dr-francois-reeves-150x150.jpg\" class=\"card-img-top img-fluid\" alt=\"Dr Fran\u00e7ois Reeves, M.D., FRCPC\" style=\"width: 175px; height: 175px; object-fit: cover;\"><\/a><\/div><div class=\"card-body\"><h5 class=\"card-title\"><a href=\"https:\/\/observatoireprevention.org\/en\/author\/dr-francois-reeves\/\">Dr Fran\u00e7ois Reeves, M.D., FRCPC<\/a><\/h5><p class=\"card-text text-break text-justify\">Cardiologue d\u2019intervention, CHUM et Cit\u00e9-de-la-sant\u00e9 de Laval.\u00a0Professeur agr\u00e9g\u00e9 de m\u00e9decine avec affiliation \u00e0 l\u2019\u00c9cole de sant\u00e9 publique,\u00a0Universit\u00e9 de Montr\u00e9al.<\/p><\/div><div class=\"mt-auto text-center\"><a href=\"https:\/\/observatoireprevention.org\/en\/author\/dr-francois-reeves\/\" class=\"btn btn-warning\">See all articles<\/a><\/div><\/div><\/div><div class=\"col-md-6 col-lg-4 mb-5 px-4\"><div class=\"card h-100 p-4 d-flex flex-column\"><div class=\"text-center my-3\"><a href=\"https:\/\/observatoireprevention.org\/en\/author\/dr-gabrielle-denault\/\"><img decoding=\"async\" src=\"https:\/\/observatoireprevention.org\/wp-content\/uploads\/2023\/05\/dr-gabrielle-denault-150x150.jpeg\" class=\"card-img-top img-fluid\" alt=\"Dr Gabrielle Denault, M.D.\" style=\"width: 175px; height: 175px; object-fit: cover;\"><\/a><\/div><div class=\"card-body\"><h5 class=\"card-title\"><a href=\"https:\/\/observatoireprevention.org\/en\/author\/dr-gabrielle-denault\/\">Dr Gabrielle Denault, M.D.<\/a><\/h5><p class=\"card-text text-break text-justify\">M\u00e9decin r\u00e9sident en sant\u00e9 publique et m\u00e9decine pr\u00e9ventive \u00e0 l\u2019Universit\u00e9 de Montr\u00e9al.<\/p><\/div><div class=\"mt-auto text-center\"><a href=\"https:\/\/observatoireprevention.org\/en\/author\/dr-gabrielle-denault\/\" class=\"btn btn-warning\">See all articles<\/a><\/div><\/div><\/div><div class=\"col-md-6 col-lg-4 mb-5 px-4\"><div class=\"card h-100 p-4 d-flex flex-column\"><div class=\"text-center my-3\"><a href=\"https:\/\/observatoireprevention.org\/en\/author\/dr-josep-iglesies-grau\/\"><img decoding=\"async\" src=\"https:\/\/observatoireprevention.org\/wp-content\/uploads\/2025\/08\/cropped-Photo-Katia-Gagnon_Head-Shot-150x150.jpg\" class=\"card-img-top img-fluid\" alt=\"Dr Josep Iglesies-Grau, M.D., Ph.D.\" style=\"width: 175px; height: 175px; object-fit: cover;\"><\/a><\/div><div class=\"card-body\"><h5 class=\"card-title\"><a href=\"https:\/\/observatoireprevention.org\/en\/author\/dr-josep-iglesies-grau\/\">Dr Josep Iglesies-Grau, M.D., Ph.D.<\/a><\/h5><p class=\"card-text text-break text-justify\">Centre de recherche et Centre \u00c9PIC, Institut de cardiologie de Montr\u00e9al. D\u00e9partement de M\u00e9decine, Universit\u00e9 de Montr\u00e9al, Montr\u00e9al, Qu\u00e9bec, Canada, D\u00e9partement de Nutrition, Universit\u00e9 de Montr\u00e9al, Montr\u00e9al, Qu\u00e9bec, Canada<\/p><\/div><div class=\"mt-auto text-center\"><a href=\"https:\/\/observatoireprevention.org\/en\/author\/dr-josep-iglesies-grau\/\" class=\"btn btn-warning\">See all articles<\/a><\/div><\/div><\/div><div class=\"col-md-6 col-lg-4 mb-5 px-4\"><div class=\"card h-100 p-4 d-flex flex-column\"><div class=\"text-center my-3\"><a href=\"https:\/\/observatoireprevention.org\/en\/author\/dr-louis-bherer\/\"><img decoding=\"async\" src=\"https:\/\/observatoireprevention.org\/wp-content\/uploads\/2023\/05\/dr-louis-bherer-150x150.jpg\" class=\"card-img-top img-fluid\" alt=\"Dr Louis Bherer, Ph. D., Neuropsychologue\" style=\"width: 175px; height: 175px; object-fit: cover;\"><\/a><\/div><div class=\"card-body\"><h5 class=\"card-title\"><a href=\"https:\/\/observatoireprevention.org\/en\/author\/dr-louis-bherer\/\">Dr Louis Bherer, Ph. D., Neuropsychologue<\/a><\/h5><p class=\"card-text text-break text-justify\">Professeur titulaire, D\u00e9partement de M\u00e9decine, Universit\u00e9 de Montr\u00e9al, Directeur adjoint scientifique \u00e0 la direction de la pr\u00e9vention, chercheur et Directeur du Centre \u00c9PIC, Institut de cardiologie de Montr\u00e9al.<\/p><\/div><div class=\"mt-auto text-center\"><a href=\"https:\/\/observatoireprevention.org\/en\/author\/dr-louis-bherer\/\" class=\"btn btn-warning\">See all articles<\/a><\/div><\/div><\/div><div class=\"col-md-6 col-lg-4 mb-5 px-4\"><div class=\"card h-100 p-4 d-flex flex-column\"><div class=\"text-center my-3\"><a href=\"https:\/\/observatoireprevention.org\/en\/author\/dr-martin-juneau\/\"><img decoding=\"async\" src=\"https:\/\/observatoireprevention.org\/wp-content\/uploads\/2023\/05\/dr-martin-juneau-1-150x150.jpg\" class=\"card-img-top img-fluid\" alt=\"Dr Martin Juneau, M.D., FRCP\" style=\"width: 175px; height: 175px; object-fit: cover;\"><\/a><\/div><div class=\"card-body\"><h5 class=\"card-title\"><a href=\"https:\/\/observatoireprevention.org\/en\/author\/dr-martin-juneau\/\">Dr Martin Juneau, M.D., FRCP<\/a><\/h5><p class=\"card-text text-break text-justify\">Cardiologue, directeur de l'Observatoire de la pr\u00e9vention de l'Institut de Cardiologie de Montr\u00e9al.\u00a0Professeur titulaire de clinique, Facult\u00e9 de m\u00e9decine de l'Universit\u00e9 de Montr\u00e9al. \/ Cardiologist and Director of Prevention Watch, Montreal Heart Institute. Clinical Professor, Faculty of Medicine, University of Montreal.<\/p><\/div><div class=\"mt-auto text-center\"><a href=\"https:\/\/observatoireprevention.org\/en\/author\/dr-martin-juneau\/\" class=\"btn btn-warning\">See all articles<\/a><\/div><\/div><\/div><div class=\"col-md-6 col-lg-4 mb-5 px-4\"><div class=\"card h-100 p-4 d-flex flex-column\"><div class=\"text-center my-3\"><a href=\"https:\/\/observatoireprevention.org\/en\/author\/dr-mathieu-gayda\/\"><img decoding=\"async\" src=\"https:\/\/observatoireprevention.org\/wp-content\/uploads\/2023\/05\/dr-mathieu-gayda-150x150.jpg\" class=\"card-img-top img-fluid\" alt=\"Dr Mathieu Gayda,\u00a0Ph.D.\" style=\"width: 175px; height: 175px; object-fit: cover;\"><\/a><\/div><div class=\"card-body\"><h5 class=\"card-title\"><a href=\"https:\/\/observatoireprevention.org\/en\/author\/dr-mathieu-gayda\/\">Dr Mathieu Gayda,\u00a0Ph.D.<\/a><\/h5><p class=\"card-text text-break text-justify\">Chercheur au Centre\u00a0\u00c9PIC de l\u2019ICM,\r\nProfesseur associ\u00e9, D\u00e9partement de m\u00e9decine de l'Universit\u00e9 de Montr\u00e9al.<\/p><\/div><div class=\"mt-auto text-center\"><a href=\"https:\/\/observatoireprevention.org\/en\/author\/dr-mathieu-gayda\/\" class=\"btn btn-warning\">See all articles<\/a><\/div><\/div><\/div><div class=\"col-md-6 col-lg-4 mb-5 px-4\"><div class=\"card h-100 p-4 d-flex flex-column\"><div class=\"text-center my-3\"><a href=\"https:\/\/observatoireprevention.org\/en\/author\/dr-nathalie-trescases-et-dr-eric-thorin\/\"><img decoding=\"async\" src=\"https:\/\/secure.gravatar.com\/avatar\/c5e6568d8fe0e47e92dd1bb1f7cc24d7adcdfe22503cf31ce74ff72536484064?s=150&d=mm&r=g\" class=\"card-img-top img-fluid\" alt=\"Dr Nathalie Trescases et Dr Eric Thorin\" style=\"width: 175px; height: 175px; object-fit: cover;\"><\/a><\/div><div class=\"card-body\"><h5 class=\"card-title\"><a href=\"https:\/\/observatoireprevention.org\/en\/author\/dr-nathalie-trescases-et-dr-eric-thorin\/\">Dr Nathalie Trescases et Dr Eric Thorin<\/a><\/h5><p class=\"card-text text-break text-justify\"><\/p><\/div><div class=\"mt-auto text-center\"><a href=\"https:\/\/observatoireprevention.org\/en\/author\/dr-nathalie-trescases-et-dr-eric-thorin\/\" class=\"btn btn-warning\">See all articles<\/a><\/div><\/div><\/div><div class=\"col-md-6 col-lg-4 mb-5 px-4\"><div class=\"card h-100 p-4 d-flex flex-column\"><div class=\"text-center my-3\"><a href=\"https:\/\/observatoireprevention.org\/en\/author\/dr-richard-marchand\/\"><img decoding=\"async\" src=\"https:\/\/observatoireprevention.org\/wp-content\/uploads\/2023\/05\/dr-richard-marchand-150x150.jpg\" class=\"card-img-top img-fluid\" alt=\"Dr Richard Marchand, M.D.\" style=\"width: 175px; height: 175px; object-fit: cover;\"><\/a><\/div><div class=\"card-body\"><h5 class=\"card-title\"><a href=\"https:\/\/observatoireprevention.org\/en\/author\/dr-richard-marchand\/\">Dr Richard Marchand, M.D.<\/a><\/h5><p class=\"card-text text-break text-justify\">Microbiologiste et infectiologue. \r\nInstitut de Cardiologie de Montr\u00e9al<\/p><\/div><div class=\"mt-auto text-center\"><a href=\"https:\/\/observatoireprevention.org\/en\/author\/dr-richard-marchand\/\" class=\"btn btn-warning\">See all articles<\/a><\/div><\/div><\/div><div class=\"col-md-6 col-lg-4 mb-5 px-4\"><div class=\"card h-100 p-4 d-flex flex-column\"><div class=\"text-center my-3\"><a href=\"https:\/\/observatoireprevention.org\/en\/author\/anne-julie-tessier\/\"><img decoding=\"async\" src=\"https:\/\/observatoireprevention.org\/wp-content\/uploads\/2025\/03\/Unknown-150x150.png\" class=\"card-img-top img-fluid\" alt=\"Dre Anne-Julie Tessier, Dt.P., Ph.D.\" style=\"width: 175px; height: 175px; object-fit: cover;\"><\/a><\/div><div class=\"card-body\"><h5 class=\"card-title\"><a href=\"https:\/\/observatoireprevention.org\/en\/author\/anne-julie-tessier\/\">Dre Anne-Julie Tessier, Dt.P., Ph.D.<\/a><\/h5><p class=\"card-text text-break text-justify\">Professeure adjointe, D\u00e9partement de Nutrition, Universit\u00e9 de Montr\u00e9al,\r\nChercheuse, Centre EPIC de l\u2019Institut de Cardiologie de Montr\u00e9al et \r\nScientifique invit\u00e9e, Department of Nutrition, Harvard School of Public Health.<\/p><\/div><div class=\"mt-auto text-center\"><a href=\"https:\/\/observatoireprevention.org\/en\/author\/anne-julie-tessier\/\" class=\"btn btn-warning\">See all articles<\/a><\/div><\/div><\/div><div class=\"col-md-6 col-lg-4 mb-5 px-4\"><div class=\"card h-100 p-4 d-flex flex-column\"><div class=\"text-center my-3\"><a href=\"https:\/\/observatoireprevention.org\/en\/author\/dre-genevieve-talbot\/\"><img decoding=\"async\" src=\"https:\/\/observatoireprevention.org\/wp-content\/uploads\/2025\/03\/cropped-9B9EE0A7-EF68-4371-B292-4F235E9BB2D8-150x150.jpeg\" class=\"card-img-top img-fluid\" alt=\"Dre Genevi\u00e8ve Talbot, M.D.\" style=\"width: 175px; height: 175px; object-fit: cover;\"><\/a><\/div><div class=\"card-body\"><h5 class=\"card-title\"><a href=\"https:\/\/observatoireprevention.org\/en\/author\/dre-genevieve-talbot\/\">Dre Genevi\u00e8ve Talbot, M.D.<\/a><\/h5><p class=\"card-text text-break text-justify\">M\u00e9decin de famille au Groupe de M\u00e9decine Familiale Universitaire GMFU  de Verdun et au Centre EPIC. Charg\u00e9e d'enseignement clinique \u00e0 l\u2019Universit\u00e9 de Montr\u00e9al. Elle a compl\u00e9t\u00e9 la formation de MBSR (meditation based stress reduction), de MSC (mindful self-compassion). Elle donne le programme de groupe MSC au GMFU.<\/p><\/div><div class=\"mt-auto text-center\"><a href=\"https:\/\/observatoireprevention.org\/en\/author\/dre-genevieve-talbot\/\" class=\"btn btn-warning\">See all articles<\/a><\/div><\/div><\/div><div class=\"col-md-6 col-lg-4 mb-5 px-4\"><div class=\"card h-100 p-4 d-flex flex-column\"><div class=\"text-center my-3\"><a href=\"https:\/\/observatoireprevention.org\/en\/author\/karine-lamoureux\/\"><img decoding=\"async\" src=\"https:\/\/observatoireprevention.org\/wp-content\/uploads\/2023\/05\/karine-lamoureux-150x150.jpg\" class=\"card-img-top img-fluid\" alt=\"Karine Lamoureux,\u00a0Dt.P.\" style=\"width: 175px; height: 175px; object-fit: cover;\"><\/a><\/div><div class=\"card-body\"><h5 class=\"card-title\"><a href=\"https:\/\/observatoireprevention.org\/en\/author\/karine-lamoureux\/\">Karine Lamoureux,\u00a0Dt.P.<\/a><\/h5><p class=\"card-text text-break text-justify\">Nutritionniste au Centre \u00c9PIC de l'ICM.<\/p><\/div><div class=\"mt-auto text-center\"><a href=\"https:\/\/observatoireprevention.org\/en\/author\/karine-lamoureux\/\" class=\"btn btn-warning\">See all articles<\/a><\/div><\/div><\/div><div class=\"col-md-6 col-lg-4 mb-5 px-4\"><div class=\"card h-100 p-4 d-flex flex-column\"><div class=\"text-center my-3\"><a href=\"https:\/\/observatoireprevention.org\/en\/author\/normand-mousseau\/\"><img decoding=\"async\" src=\"https:\/\/observatoireprevention.org\/wp-content\/uploads\/2023\/05\/normand-mousseau-150x150.jpg\" class=\"card-img-top img-fluid\" alt=\"Pr. Normand Mousseau, Ph.D.\" style=\"width: 175px; height: 175px; object-fit: cover;\"><\/a><\/div><div class=\"card-body\"><h5 class=\"card-title\"><a href=\"https:\/\/observatoireprevention.org\/en\/author\/normand-mousseau\/\">Pr. Normand Mousseau, Ph.D.<\/a><\/h5><p class=\"card-text text-break text-justify\">Professeur de physique \u00e0 l\u2019Universit\u00e9 de Montr\u00e9al, titulaire de la Chaire de recherche de l\u2019UdeM sur les mat\u00e9riaux complexes, l\u2019\u00e9nergie et les ressources naturelles et directeur acad\u00e9mique de l\u2019Institut de l\u2019\u00e9nergie Trottier.<\/p><\/div><div class=\"mt-auto text-center\"><a href=\"https:\/\/observatoireprevention.org\/en\/author\/normand-mousseau\/\" class=\"btn btn-warning\">See all articles<\/a><\/div><\/div><\/div><\/div>\n","protected":false},"excerpt":{"rendered":"<p>Authors<\/p>\n","protected":false},"author":1,"featured_media":0,"parent":0,"menu_order":0,"comment_status":"closed","ping_status":"closed","template":"","meta":{"_acf_changed":false,"footnotes":""},"coauthors":[],"class_list":["post-15415","page","type-page","status-publish","hentry"],"acf":[],"yoast_head":"<!-- This site is optimized with the Yoast SEO plugin v27.1.1 - https:\/\/yoast.com\/product\/yoast-seo-wordpress\/ -->\n<title>Authors | Observatoire de la pr\u00e9vention de l&#039;Institut de Cardiologie de Montr\u00e9al<\/title>\n<meta name=\"robots\" content=\"index, follow, max-snippet:-1, max-image-preview:large, max-video-preview:-1\" \/>\n<link rel=\"canonical\" href=\"https:\/\/observatoireprevention.org\/en\/authors\/\" \/>\n<meta property=\"og:locale\" content=\"en_US\" \/>\n<meta property=\"og:type\" content=\"article\" \/>\n<meta property=\"og:title\" content=\"Authors | Observatoire de la pr\u00e9vention de l&#039;Institut de Cardiologie de Montr\u00e9al\" \/>\n<meta property=\"og:description\" content=\"Authors\" \/>\n<meta property=\"og:url\" content=\"https:\/\/observatoireprevention.org\/en\/authors\/\" \/>\n<meta property=\"og:site_name\" content=\"Observatoire de la pr\u00e9vention de l&#039;Institut de Cardiologie de Montr\u00e9al\" \/>\n<meta property=\"article:publisher\" content=\"https:\/\/www.facebook.com\/drjuneau\/\" \/>\n<meta property=\"article:modified_time\" content=\"2023-06-22T00:44:17+00:00\" \/>\n<meta name=\"twitter:card\" content=\"summary_large_image\" \/>\n<meta name=\"twitter:site\" content=\"@PreventionICM\" \/>\n<meta name=\"twitter:label1\" content=\"Written by\" \/>\n\t<meta name=\"twitter:data1\" content=\"Bor\u00e9alis D\u00e9veloppement Inc.\" \/>\n<script type=\"application\/ld+json\" class=\"yoast-schema-graph\">{\"@context\":\"https:\/\/schema.org\",\"@graph\":[{\"@type\":\"WebPage\",\"@id\":\"https:\/\/observatoireprevention.org\/en\/authors\/\",\"url\":\"https:\/\/observatoireprevention.org\/en\/authors\/\",\"name\":\"Authors | Observatoire de la pr\u00e9vention de l&#039;Institut de Cardiologie de Montr\u00e9al\",\"isPartOf\":{\"@id\":\"https:\/\/observatoireprevention.org\/en\/#website\"},\"datePublished\":\"2023-05-25T20:39:46+00:00\",\"dateModified\":\"2023-06-22T00:44:17+00:00\",\"breadcrumb\":{\"@id\":\"https:\/\/observatoireprevention.org\/en\/authors\/#breadcrumb\"},\"inLanguage\":\"en-CA\",\"potentialAction\":[{\"@type\":\"ReadAction\",\"target\":[\"https:\/\/observatoireprevention.org\/en\/authors\/\"]}]},{\"@type\":\"BreadcrumbList\",\"@id\":\"https:\/\/observatoireprevention.org\/en\/authors\/#breadcrumb\",\"itemListElement\":[{\"@type\":\"ListItem\",\"position\":1,\"name\":\"Accueil\",\"item\":\"https:\/\/observatoireprevention.org\/en\/\"},{\"@type\":\"ListItem\",\"position\":2,\"name\":\"Authors\"}]},{\"@type\":\"WebSite\",\"@id\":\"https:\/\/observatoireprevention.org\/en\/#website\",\"url\":\"https:\/\/observatoireprevention.org\/en\/\",\"name\":\"Observatoire de la pr\u00e9vention de l'Institut de Cardiologie de Montr\u00e9al\",\"description\":\"Promouvoir la pr\u00e9vention des maladies cardiovasculaires pour allonger l\u2019esp\u00e9rance de vie en sant\u00e9.\",\"potentialAction\":[{\"@type\":\"SearchAction\",\"target\":{\"@type\":\"EntryPoint\",\"urlTemplate\":\"https:\/\/observatoireprevention.org\/en\/?s={search_term_string}\"},\"query-input\":{\"@type\":\"PropertyValueSpecification\",\"valueRequired\":true,\"valueName\":\"search_term_string\"}}],\"inLanguage\":\"en-CA\"}]}<\/script>\n<!-- \/ Yoast SEO plugin. -->","yoast_head_json":{"title":"Authors | Observatoire de la pr\u00e9vention de l&#039;Institut de Cardiologie de Montr\u00e9al","robots":{"index":"index","follow":"follow","max-snippet":"max-snippet:-1","max-image-preview":"max-image-preview:large","max-video-preview":"max-video-preview:-1"},"canonical":"https:\/\/observatoireprevention.org\/en\/authors\/","og_locale":"en_US","og_type":"article","og_title":"Authors | Observatoire de la pr\u00e9vention de l&#039;Institut de Cardiologie de Montr\u00e9al","og_description":"Authors","og_url":"https:\/\/observatoireprevention.org\/en\/authors\/","og_site_name":"Observatoire de la pr\u00e9vention de l&#039;Institut de Cardiologie de Montr\u00e9al","article_publisher":"https:\/\/www.facebook.com\/drjuneau\/","article_modified_time":"2023-06-22T00:44:17+00:00","twitter_card":"summary_large_image","twitter_site":"@PreventionICM","twitter_misc":{"Written by":"Bor\u00e9alis D\u00e9veloppement Inc."},"schema":{"@context":"https:\/\/schema.org","@graph":[{"@type":"WebPage","@id":"https:\/\/observatoireprevention.org\/en\/authors\/","url":"https:\/\/observatoireprevention.org\/en\/authors\/","name":"Authors | Observatoire de la pr\u00e9vention de l&#039;Institut de Cardiologie de Montr\u00e9al","isPartOf":{"@id":"https:\/\/observatoireprevention.org\/en\/#website"},"datePublished":"2023-05-25T20:39:46+00:00","dateModified":"2023-06-22T00:44:17+00:00","breadcrumb":{"@id":"https:\/\/observatoireprevention.org\/en\/authors\/#breadcrumb"},"inLanguage":"en-CA","potentialAction":[{"@type":"ReadAction","target":["https:\/\/observatoireprevention.org\/en\/authors\/"]}]},{"@type":"BreadcrumbList","@id":"https:\/\/observatoireprevention.org\/en\/authors\/#breadcrumb","itemListElement":[{"@type":"ListItem","position":1,"name":"Accueil","item":"https:\/\/observatoireprevention.org\/en\/"},{"@type":"ListItem","position":2,"name":"Authors"}]},{"@type":"WebSite","@id":"https:\/\/observatoireprevention.org\/en\/#website","url":"https:\/\/observatoireprevention.org\/en\/","name":"Observatoire de la pr\u00e9vention de l'Institut de Cardiologie de Montr\u00e9al","description":"Promouvoir la pr\u00e9vention des maladies cardiovasculaires pour allonger l\u2019esp\u00e9rance de vie en sant\u00e9.","potentialAction":[{"@type":"SearchAction","target":{"@type":"EntryPoint","urlTemplate":"https:\/\/observatoireprevention.org\/en\/?s={search_term_string}"},"query-input":{"@type":"PropertyValueSpecification","valueRequired":true,"valueName":"search_term_string"}}],"inLanguage":"en-CA"}]}},"_links":{"self":[{"href":"https:\/\/observatoireprevention.org\/en\/wp-json\/wp\/v2\/pages\/15415","targetHints":{"allow":["GET"]}}],"collection":[{"href":"https:\/\/observatoireprevention.org\/en\/wp-json\/wp\/v2\/pages"}],"about":[{"href":"https:\/\/observatoireprevention.org\/en\/wp-json\/wp\/v2\/types\/page"}],"author":[{"embeddable":true,"href":"https:\/\/observatoireprevention.org\/en\/wp-json\/wp\/v2\/users\/1"}],"replies":[{"embeddable":true,"href":"https:\/\/observatoireprevention.org\/en\/wp-json\/wp\/v2\/comments?post=15415"}],"version-history":[{"count":0,"href":"https:\/\/observatoireprevention.org\/en\/wp-json\/wp\/v2\/pages\/15415\/revisions"}],"wp:attachment":[{"href":"https:\/\/observatoireprevention.org\/en\/wp-json\/wp\/v2\/media?parent=15415"}],"wp:term":[{"taxonomy":"author","embeddable":true,"href":"https:\/\/observatoireprevention.org\/en\/wp-json\/wp\/v2\/coauthors?post=15415"}],"curies":[{"name":"wp","href":"https:\/\/api.w.org\/{rel}","templated":true}]}}