{"id":16883,"date":"2024-02-08T23:53:45","date_gmt":"2024-02-09T04:53:45","guid":{"rendered":"https:\/\/observatoireprevention.org\/?page_id=16883"},"modified":"2024-02-16T21:29:26","modified_gmt":"2024-02-17T02:29:26","slug":"legal-notice","status":"publish","type":"page","link":"https:\/\/observatoireprevention.org\/en\/legal-notice\/","title":{"rendered":"Legal notice"},"content":{"rendered":"\n<div style=\"height:100px\" aria-hidden=\"true\" class=\"wp-block-spacer\"><\/div>\n\n\n\n<h2 class=\"wp-block-heading\"><strong>Disclaimer<\/strong><\/h2>\n\n\n\n<p>This website is for informational purposes only. The information provided on this website is not intended to be a substitute for professional medical advice, diagnosis, or treatment.\u00bb<\/p>\n\n\n\n<p><a href=\"https:\/\/www.icm-mhi.org\/en\/legal-notice\" target=\"_blank\" rel=\"noreferrer noopener\">More informations.<\/a><\/p>\n\n\n\n<div style=\"height:100px\" aria-hidden=\"true\" class=\"wp-block-spacer\"><\/div>\n","protected":false},"excerpt":{"rendered":"<p>Disclaimer This website is for informational purposes only. The information provided on this website is not intended to be a substitute for professional medical advice, diagnosis, or treatment.\u00bb More informations.<\/p>\n","protected":false},"author":1,"featured_media":0,"parent":0,"menu_order":0,"comment_status":"closed","ping_status":"closed","template":"","meta":{"_acf_changed":false,"footnotes":""},"coauthors":[1630],"class_list":["post-16883","page","type-page","status-publish","hentry"],"acf":[],"yoast_head":"<!-- This site is optimized with the Yoast SEO plugin v27.1.1 - https:\/\/yoast.com\/product\/yoast-seo-wordpress\/ -->\n<title>Legal notice | Observatoire de la pr\u00e9vention de l&#039;Institut de Cardiologie de Montr\u00e9al<\/title>\n<meta name=\"robots\" content=\"index, follow, max-snippet:-1, max-image-preview:large, max-video-preview:-1\" \/>\n<link rel=\"canonical\" href=\"https:\/\/observatoireprevention.org\/en\/legal-notice\/\" \/>\n<meta property=\"og:locale\" content=\"en_US\" \/>\n<meta property=\"og:type\" content=\"article\" \/>\n<meta property=\"og:title\" content=\"Legal notice | Observatoire de la pr\u00e9vention de l&#039;Institut de Cardiologie de Montr\u00e9al\" \/>\n<meta property=\"og:description\" content=\"Disclaimer This website is for informational purposes only. The information provided on this website is not intended to be a substitute for professional medical advice, diagnosis, or treatment.\u00bb More informations.\" \/>\n<meta property=\"og:url\" content=\"https:\/\/observatoireprevention.org\/en\/legal-notice\/\" \/>\n<meta property=\"og:site_name\" content=\"Observatoire de la pr\u00e9vention de l&#039;Institut de Cardiologie de Montr\u00e9al\" \/>\n<meta property=\"article:publisher\" content=\"https:\/\/www.facebook.com\/drjuneau\/\" \/>\n<meta property=\"article:modified_time\" content=\"2024-02-17T02:29:26+00:00\" \/>\n<meta name=\"twitter:card\" content=\"summary_large_image\" \/>\n<meta name=\"twitter:site\" content=\"@PreventionICM\" \/>\n<meta name=\"twitter:label1\" content=\"Est. reading time\" \/>\n\t<meta name=\"twitter:data1\" content=\"1 minute\" \/>\n\t<meta name=\"twitter:label2\" content=\"Written by\" \/>\n\t<meta name=\"twitter:data2\" content=\"Bor\u00e9alis D\u00e9veloppement Inc.\" \/>\n<script type=\"application\/ld+json\" class=\"yoast-schema-graph\">{\"@context\":\"https:\/\/schema.org\",\"@graph\":[{\"@type\":\"WebPage\",\"@id\":\"https:\/\/observatoireprevention.org\/en\/legal-notice\/\",\"url\":\"https:\/\/observatoireprevention.org\/en\/legal-notice\/\",\"name\":\"Legal notice | Observatoire de la pr\u00e9vention de l&#039;Institut de Cardiologie de Montr\u00e9al\",\"isPartOf\":{\"@id\":\"https:\/\/observatoireprevention.org\/en\/#website\"},\"datePublished\":\"2024-02-09T04:53:45+00:00\",\"dateModified\":\"2024-02-17T02:29:26+00:00\",\"breadcrumb\":{\"@id\":\"https:\/\/observatoireprevention.org\/en\/legal-notice\/#breadcrumb\"},\"inLanguage\":\"en-CA\",\"potentialAction\":[{\"@type\":\"ReadAction\",\"target\":[\"https:\/\/observatoireprevention.org\/en\/legal-notice\/\"]}]},{\"@type\":\"BreadcrumbList\",\"@id\":\"https:\/\/observatoireprevention.org\/en\/legal-notice\/#breadcrumb\",\"itemListElement\":[{\"@type\":\"ListItem\",\"position\":1,\"name\":\"Accueil\",\"item\":\"https:\/\/observatoireprevention.org\/en\/\"},{\"@type\":\"ListItem\",\"position\":2,\"name\":\"Legal notice\"}]},{\"@type\":\"WebSite\",\"@id\":\"https:\/\/observatoireprevention.org\/en\/#website\",\"url\":\"https:\/\/observatoireprevention.org\/en\/\",\"name\":\"Observatoire de la pr\u00e9vention de l'Institut de Cardiologie de Montr\u00e9al\",\"description\":\"Promouvoir la pr\u00e9vention des maladies cardiovasculaires pour allonger l\u2019esp\u00e9rance de vie en sant\u00e9.\",\"potentialAction\":[{\"@type\":\"SearchAction\",\"target\":{\"@type\":\"EntryPoint\",\"urlTemplate\":\"https:\/\/observatoireprevention.org\/en\/?s={search_term_string}\"},\"query-input\":{\"@type\":\"PropertyValueSpecification\",\"valueRequired\":true,\"valueName\":\"search_term_string\"}}],\"inLanguage\":\"en-CA\"}]}<\/script>\n<!-- \/ Yoast SEO plugin. -->","yoast_head_json":{"title":"Legal notice | Observatoire de la pr\u00e9vention de l&#039;Institut de Cardiologie de Montr\u00e9al","robots":{"index":"index","follow":"follow","max-snippet":"max-snippet:-1","max-image-preview":"max-image-preview:large","max-video-preview":"max-video-preview:-1"},"canonical":"https:\/\/observatoireprevention.org\/en\/legal-notice\/","og_locale":"en_US","og_type":"article","og_title":"Legal notice | Observatoire de la pr\u00e9vention de l&#039;Institut de Cardiologie de Montr\u00e9al","og_description":"Disclaimer This website is for informational purposes only. The information provided on this website is not intended to be a substitute for professional medical advice, diagnosis, or treatment.\u00bb More informations.","og_url":"https:\/\/observatoireprevention.org\/en\/legal-notice\/","og_site_name":"Observatoire de la pr\u00e9vention de l&#039;Institut de Cardiologie de Montr\u00e9al","article_publisher":"https:\/\/www.facebook.com\/drjuneau\/","article_modified_time":"2024-02-17T02:29:26+00:00","twitter_card":"summary_large_image","twitter_site":"@PreventionICM","twitter_misc":{"Est. reading time":"1 minute","Written by":"Bor\u00e9alis D\u00e9veloppement Inc."},"schema":{"@context":"https:\/\/schema.org","@graph":[{"@type":"WebPage","@id":"https:\/\/observatoireprevention.org\/en\/legal-notice\/","url":"https:\/\/observatoireprevention.org\/en\/legal-notice\/","name":"Legal notice | Observatoire de la pr\u00e9vention de l&#039;Institut de Cardiologie de Montr\u00e9al","isPartOf":{"@id":"https:\/\/observatoireprevention.org\/en\/#website"},"datePublished":"2024-02-09T04:53:45+00:00","dateModified":"2024-02-17T02:29:26+00:00","breadcrumb":{"@id":"https:\/\/observatoireprevention.org\/en\/legal-notice\/#breadcrumb"},"inLanguage":"en-CA","potentialAction":[{"@type":"ReadAction","target":["https:\/\/observatoireprevention.org\/en\/legal-notice\/"]}]},{"@type":"BreadcrumbList","@id":"https:\/\/observatoireprevention.org\/en\/legal-notice\/#breadcrumb","itemListElement":[{"@type":"ListItem","position":1,"name":"Accueil","item":"https:\/\/observatoireprevention.org\/en\/"},{"@type":"ListItem","position":2,"name":"Legal notice"}]},{"@type":"WebSite","@id":"https:\/\/observatoireprevention.org\/en\/#website","url":"https:\/\/observatoireprevention.org\/en\/","name":"Observatoire de la pr\u00e9vention de l'Institut de Cardiologie de Montr\u00e9al","description":"Promouvoir la pr\u00e9vention des maladies cardiovasculaires pour allonger l\u2019esp\u00e9rance de vie en sant\u00e9.","potentialAction":[{"@type":"SearchAction","target":{"@type":"EntryPoint","urlTemplate":"https:\/\/observatoireprevention.org\/en\/?s={search_term_string}"},"query-input":{"@type":"PropertyValueSpecification","valueRequired":true,"valueName":"search_term_string"}}],"inLanguage":"en-CA"}]}},"_links":{"self":[{"href":"https:\/\/observatoireprevention.org\/en\/wp-json\/wp\/v2\/pages\/16883","targetHints":{"allow":["GET"]}}],"collection":[{"href":"https:\/\/observatoireprevention.org\/en\/wp-json\/wp\/v2\/pages"}],"about":[{"href":"https:\/\/observatoireprevention.org\/en\/wp-json\/wp\/v2\/types\/page"}],"author":[{"embeddable":true,"href":"https:\/\/observatoireprevention.org\/en\/wp-json\/wp\/v2\/users\/1"}],"replies":[{"embeddable":true,"href":"https:\/\/observatoireprevention.org\/en\/wp-json\/wp\/v2\/comments?post=16883"}],"version-history":[{"count":0,"href":"https:\/\/observatoireprevention.org\/en\/wp-json\/wp\/v2\/pages\/16883\/revisions"}],"wp:attachment":[{"href":"https:\/\/observatoireprevention.org\/en\/wp-json\/wp\/v2\/media?parent=16883"}],"wp:term":[{"taxonomy":"author","embeddable":true,"href":"https:\/\/observatoireprevention.org\/en\/wp-json\/wp\/v2\/coauthors?post=16883"}],"curies":[{"name":"wp","href":"https:\/\/api.w.org\/{rel}","templated":true}]}}