{"id":17193,"date":"2023-01-22T23:06:46","date_gmt":"2023-01-23T04:06:46","guid":{"rendered":"https:\/\/observatoireprevention.org\/?page_id=17193"},"modified":"2024-03-12T20:50:06","modified_gmt":"2024-03-13T00:50:06","slug":"privacy-policy","status":"publish","type":"page","link":"https:\/\/observatoireprevention.org\/en\/privacy-policy\/","title":{"rendered":"Privacy policy"},"content":{"rendered":"\n<h2 class=\"wp-block-heading\"><strong>Privacy policy<\/strong><\/h2>\n\n\n\n<div style=\"height:25px\" aria-hidden=\"true\" class=\"wp-block-spacer\"><\/div>\n\n\n\n<p>This privacy policy was last updated on March 11, 2024.<\/p>\n\n\n\n<p>The <strong>Observatoire de la Pr\u00e9vention de l&#8217;Institut de Cardiologie de Montr\u00e9al<\/strong> is a website affiliated with the <a href=\"https:\/\/www.icm-mhi.org\/en\/\" target=\"_blank\" rel=\"noreferrer noopener\">Montreal Heart Institute<\/a>. Its mission is to <em>promote the prevention of cardiovascular diseases to extend healthy life expectancy<\/em>.<\/p>\n\n\n\n<p>We have adopted this Privacy Policy (hereinafter the &#8220;Policy&#8221;), which outlines how we process the collected information and also provides the reasons for collecting certain personal data about you. Therefore, you should read this privacy policy before using the website.<\/p>\n\n\n\n<p>In the face of the development of new communication tools, it is essential to pay special attention to the protection of privacy. Therefore, we are committed to respecting the confidentiality of the personal information we collect.<\/p>\n\n\n\n<p>Our policy applies regardless of the method used to collect your personal information, whether it be in person, by phone, by email, or through our website.<\/p>\n\n\n\n<p>By consenting to our Policy or providing us with personal information after having had the opportunity to review it or any additional notices, you agree to the processing of your personal information in accordance with our Policy.<\/p>\n\n\n\n<p><strong>Collection and use of information<\/strong><\/p>\n\n\n\n<p>The personal information we collect is gathered through forms and through the interaction between you and our website. This data is only recorded if you provide it voluntarily. The information is kept for the time necessary for its use.<\/p>\n\n\n\n<p>Information can be collected through&nbsp;:<\/p>\n\n\n\n<ul class=\"wp-block-list\">\n<li>Contact form<\/li>\n\n\n\n<li>Newsletter signup form<\/li>\n\n\n\n<li>Correspondences<\/li>\n<\/ul>\n\n\n\n<p>The following information may be collected:&nbsp;:<\/p>\n\n\n\n<ul class=\"wp-block-list\">\n<li>First and last name<\/li>\n\n\n\n<li>Email<\/li>\n<\/ul>\n\n\n\n<p>These data can be used for&nbsp;:<\/p>\n\n\n\n<ul class=\"wp-block-list\">\n<li>correspondence with visitors<\/li>\n\n\n\n<li>sending newsletters<\/li>\n\n\n\n<li>collection of statistics<\/li>\n<\/ul>\n\n\n\n<p>The following information may be shared with third parties to enhance the features of our site and the services we offer&nbsp;:<\/p>\n\n\n\n<ul class=\"wp-block-list\">\n<li>Your email, name, and surname with Zoho Campaign for the newsletter service.<\/li>\n<\/ul>\n\n\n\n<p>These websites may collect data about you, use cookies, install third-party tracking tools, or track your interactions. These websites have their own privacy policies, and we encourage you to review them.<\/p>\n\n\n\n<p><strong>Your rights regarding personal data<\/strong><\/p>\n\n\n\n<p>We are committed to providing you with the right to object, withdraw, and access your personal information.<\/p>\n\n\n\n<p>The right to object is the ability for individuals to refuse the use of their personal information for certain purposes mentioned during collection.<\/p>\n\n\n\n<p>The right to withdraw is the ability for individuals to request the removal of their personal information, for example, from a mailing list.<\/p>\n\n\n\n<p>We are committed to recognizing the right of access and rectification for individuals wishing to consult, modify, or delete the information concerning them.<\/p>\n\n\n\n<p>You can exercise your rights by contacting us using the contact information provided at the bottom of this document.<\/p>\n\n\n\n<p><strong>Links to Other Websites<\/strong><\/p>\n\n\n\n<p>Our website may contain links to other websites that are not owned or controlled by us. Please be aware that we are not responsible for the content or privacy practices of such other websites or third parties. We encourage you to be cautious when you leave our website and to read the privacy statements of each website that may collect personal information.<\/p>\n\n\n\n<p><strong>Embedded content from other websites<\/strong><\/p>\n\n\n\n<p>This site may include embedded content (e.g., videos, images, articles, etc.). Embedded content from other websites behaves in the same way as if the visitor were to visit that other website.<\/p>\n\n\n\n<p>These websites may collect data about you, use cookies, install third-party tracking tools, or track your interactions with embedded content.<\/p>\n\n\n\n<p><strong>Security<\/strong><\/p>\n\n\n\n<p>The personal information we collect is stored in a secure environment. Those working for us are required to respect the confidentiality of your information.<\/p>\n\n\n\n<p>To ensure the security of your personal information, we employ the following measures:<\/p>\n\n\n\n<ul class=\"wp-block-list\">\n<li>SSL Protocol<\/li>\n\n\n\n<li>Access management &#8211; authorized personnel<\/li>\n\n\n\n<li>Access management &#8211; concerned person<\/li>\n\n\n\n<li>Computer backup<\/li>\n\n\n\n<li>Username \/ password<\/li>\n\n\n\n<li>Firewall<\/li>\n<\/ul>\n\n\n\n<p>We are committed to maintaining a high level of confidentiality by integrating the latest technological innovations to ensure the privacy of your transactions. However, as no mechanism can provide maximum security, there is always some level of risk when using the Internet to transmit personal information.<\/p>\n\n\n\n<p><strong>Legal disclosure<\/strong><\/p>\n\n\n\n<p>We will disclose any information we collect, use, or receive if the law requires or permits it, for example, to comply with a subpoena or similar legal process, and when we believe in good faith that disclosure is necessary to protect our rights, your safety, or the safety of others, investigate fraud, or respond to a government request.<\/p>\n\n\n\n<p><strong>Changes to this Document<\/strong><\/p>\n\n\n\n<p>We reserve the right to adjust this privacy policy at any time. The adjustments will be disclosed on this page, with the date of the last update clearly displayed at the top of the same page. We suggest checking this page frequently to stay informed about any potential changes.<\/p>\n\n\n\n<p><strong>Contact information<\/strong><\/p>\n\n\n\n<p>For questions and\/or comments regarding our privacy or cookie policy and this statement, please contact us using the following information:<\/p>\n\n\n\n<p><strong>Observatoire de la Pr\u00e9vention de l&#8217;Institut de Cardiologie de Montr\u00e9al<\/strong><br>c\/o Privacy Officer<br>5000 Rue B\u00e9langer <br>Montreal (Quebec )<br>Canada H1T 1C8<\/p>\n\n\n\n<p>Website&nbsp;:&nbsp;<a href=\"https:\/\/observatoireprevention.org\/en\" target=\"_blank\" rel=\"noreferrer noopener\">https:\/\/observatoireprevention.org\/en<\/a><br>Email&nbsp;:&nbsp;<a href=\"mailto:privacy@observatoireprevention.org\">privacy@observatoireprevention.org<\/a><\/p>\n\n\n\n<div style=\"height:100px\" aria-hidden=\"true\" class=\"wp-block-spacer\"><\/div>\n","protected":false},"excerpt":{"rendered":"<p>Privacy policy This privacy policy was last updated on March 11, 2024. The Observatoire de la Pr\u00e9vention de l&#8217;Institut de Cardiologie de Montr\u00e9al is a website affiliated with the Montreal Heart Institute. Its mission is to promote the prevention of cardiovascular diseases to extend healthy life expectancy. We have adopted this Privacy Policy (hereinafter the [&hellip;]<\/p>\n","protected":false},"author":1,"featured_media":0,"parent":0,"menu_order":0,"comment_status":"closed","ping_status":"open","template":"","meta":{"_acf_changed":false,"footnotes":""},"coauthors":[1630],"class_list":["post-17193","page","type-page","status-publish","hentry"],"acf":[],"yoast_head":"<!-- This site is optimized with the Yoast SEO plugin v27.1.1 - https:\/\/yoast.com\/product\/yoast-seo-wordpress\/ -->\n<title>Privacy policy | Observatoire de la pr\u00e9vention de l&#039;Institut de Cardiologie de Montr\u00e9al<\/title>\n<meta name=\"robots\" content=\"index, follow, max-snippet:-1, max-image-preview:large, max-video-preview:-1\" \/>\n<link rel=\"canonical\" href=\"https:\/\/observatoireprevention.org\/en\/privacy-policy\/\" \/>\n<meta property=\"og:locale\" content=\"en_US\" \/>\n<meta property=\"og:type\" content=\"article\" \/>\n<meta property=\"og:title\" content=\"Privacy policy | Observatoire de la pr\u00e9vention de l&#039;Institut de Cardiologie de Montr\u00e9al\" \/>\n<meta property=\"og:description\" content=\"Privacy policy This privacy policy was last updated on March 11, 2024. The Observatoire de la Pr\u00e9vention de l&#8217;Institut de Cardiologie de Montr\u00e9al is a website affiliated with the Montreal Heart Institute. Its mission is to promote the prevention of cardiovascular diseases to extend healthy life expectancy. We have adopted this Privacy Policy (hereinafter the [&hellip;]\" \/>\n<meta property=\"og:url\" content=\"https:\/\/observatoireprevention.org\/en\/privacy-policy\/\" \/>\n<meta property=\"og:site_name\" content=\"Observatoire de la pr\u00e9vention de l&#039;Institut de Cardiologie de Montr\u00e9al\" \/>\n<meta property=\"article:publisher\" content=\"https:\/\/www.facebook.com\/drjuneau\/\" \/>\n<meta property=\"article:modified_time\" content=\"2024-03-13T00:50:06+00:00\" \/>\n<meta name=\"twitter:card\" content=\"summary_large_image\" \/>\n<meta name=\"twitter:site\" content=\"@PreventionICM\" \/>\n<meta name=\"twitter:label1\" content=\"Est. reading time\" \/>\n\t<meta name=\"twitter:data1\" content=\"5 minutes\" \/>\n\t<meta name=\"twitter:label2\" content=\"Written by\" \/>\n\t<meta name=\"twitter:data2\" content=\"Bor\u00e9alis D\u00e9veloppement Inc.\" \/>\n<script type=\"application\/ld+json\" class=\"yoast-schema-graph\">{\"@context\":\"https:\/\/schema.org\",\"@graph\":[{\"@type\":\"WebPage\",\"@id\":\"https:\/\/observatoireprevention.org\/en\/privacy-policy\/\",\"url\":\"https:\/\/observatoireprevention.org\/en\/privacy-policy\/\",\"name\":\"Privacy policy | Observatoire de la pr\u00e9vention de l&#039;Institut de Cardiologie de Montr\u00e9al\",\"isPartOf\":{\"@id\":\"https:\/\/observatoireprevention.org\/en\/#website\"},\"datePublished\":\"2023-01-23T04:06:46+00:00\",\"dateModified\":\"2024-03-13T00:50:06+00:00\",\"breadcrumb\":{\"@id\":\"https:\/\/observatoireprevention.org\/en\/privacy-policy\/#breadcrumb\"},\"inLanguage\":\"en-CA\",\"potentialAction\":[{\"@type\":\"ReadAction\",\"target\":[\"https:\/\/observatoireprevention.org\/en\/privacy-policy\/\"]}]},{\"@type\":\"BreadcrumbList\",\"@id\":\"https:\/\/observatoireprevention.org\/en\/privacy-policy\/#breadcrumb\",\"itemListElement\":[{\"@type\":\"ListItem\",\"position\":1,\"name\":\"Accueil\",\"item\":\"https:\/\/observatoireprevention.org\/en\/\"},{\"@type\":\"ListItem\",\"position\":2,\"name\":\"Privacy policy\"}]},{\"@type\":\"WebSite\",\"@id\":\"https:\/\/observatoireprevention.org\/en\/#website\",\"url\":\"https:\/\/observatoireprevention.org\/en\/\",\"name\":\"Observatoire de la pr\u00e9vention de l'Institut de Cardiologie de Montr\u00e9al\",\"description\":\"Promouvoir la pr\u00e9vention des maladies cardiovasculaires pour allonger l\u2019esp\u00e9rance de vie en sant\u00e9.\",\"potentialAction\":[{\"@type\":\"SearchAction\",\"target\":{\"@type\":\"EntryPoint\",\"urlTemplate\":\"https:\/\/observatoireprevention.org\/en\/?s={search_term_string}\"},\"query-input\":{\"@type\":\"PropertyValueSpecification\",\"valueRequired\":true,\"valueName\":\"search_term_string\"}}],\"inLanguage\":\"en-CA\"}]}<\/script>\n<!-- \/ Yoast SEO plugin. -->","yoast_head_json":{"title":"Privacy policy | Observatoire de la pr\u00e9vention de l&#039;Institut de Cardiologie de Montr\u00e9al","robots":{"index":"index","follow":"follow","max-snippet":"max-snippet:-1","max-image-preview":"max-image-preview:large","max-video-preview":"max-video-preview:-1"},"canonical":"https:\/\/observatoireprevention.org\/en\/privacy-policy\/","og_locale":"en_US","og_type":"article","og_title":"Privacy policy | Observatoire de la pr\u00e9vention de l&#039;Institut de Cardiologie de Montr\u00e9al","og_description":"Privacy policy This privacy policy was last updated on March 11, 2024. The Observatoire de la Pr\u00e9vention de l&#8217;Institut de Cardiologie de Montr\u00e9al is a website affiliated with the Montreal Heart Institute. Its mission is to promote the prevention of cardiovascular diseases to extend healthy life expectancy. We have adopted this Privacy Policy (hereinafter the [&hellip;]","og_url":"https:\/\/observatoireprevention.org\/en\/privacy-policy\/","og_site_name":"Observatoire de la pr\u00e9vention de l&#039;Institut de Cardiologie de Montr\u00e9al","article_publisher":"https:\/\/www.facebook.com\/drjuneau\/","article_modified_time":"2024-03-13T00:50:06+00:00","twitter_card":"summary_large_image","twitter_site":"@PreventionICM","twitter_misc":{"Est. reading time":"5 minutes","Written by":"Bor\u00e9alis D\u00e9veloppement Inc."},"schema":{"@context":"https:\/\/schema.org","@graph":[{"@type":"WebPage","@id":"https:\/\/observatoireprevention.org\/en\/privacy-policy\/","url":"https:\/\/observatoireprevention.org\/en\/privacy-policy\/","name":"Privacy policy | Observatoire de la pr\u00e9vention de l&#039;Institut de Cardiologie de Montr\u00e9al","isPartOf":{"@id":"https:\/\/observatoireprevention.org\/en\/#website"},"datePublished":"2023-01-23T04:06:46+00:00","dateModified":"2024-03-13T00:50:06+00:00","breadcrumb":{"@id":"https:\/\/observatoireprevention.org\/en\/privacy-policy\/#breadcrumb"},"inLanguage":"en-CA","potentialAction":[{"@type":"ReadAction","target":["https:\/\/observatoireprevention.org\/en\/privacy-policy\/"]}]},{"@type":"BreadcrumbList","@id":"https:\/\/observatoireprevention.org\/en\/privacy-policy\/#breadcrumb","itemListElement":[{"@type":"ListItem","position":1,"name":"Accueil","item":"https:\/\/observatoireprevention.org\/en\/"},{"@type":"ListItem","position":2,"name":"Privacy policy"}]},{"@type":"WebSite","@id":"https:\/\/observatoireprevention.org\/en\/#website","url":"https:\/\/observatoireprevention.org\/en\/","name":"Observatoire de la pr\u00e9vention de l'Institut de Cardiologie de Montr\u00e9al","description":"Promouvoir la pr\u00e9vention des maladies cardiovasculaires pour allonger l\u2019esp\u00e9rance de vie en sant\u00e9.","potentialAction":[{"@type":"SearchAction","target":{"@type":"EntryPoint","urlTemplate":"https:\/\/observatoireprevention.org\/en\/?s={search_term_string}"},"query-input":{"@type":"PropertyValueSpecification","valueRequired":true,"valueName":"search_term_string"}}],"inLanguage":"en-CA"}]}},"_links":{"self":[{"href":"https:\/\/observatoireprevention.org\/en\/wp-json\/wp\/v2\/pages\/17193","targetHints":{"allow":["GET"]}}],"collection":[{"href":"https:\/\/observatoireprevention.org\/en\/wp-json\/wp\/v2\/pages"}],"about":[{"href":"https:\/\/observatoireprevention.org\/en\/wp-json\/wp\/v2\/types\/page"}],"author":[{"embeddable":true,"href":"https:\/\/observatoireprevention.org\/en\/wp-json\/wp\/v2\/users\/1"}],"replies":[{"embeddable":true,"href":"https:\/\/observatoireprevention.org\/en\/wp-json\/wp\/v2\/comments?post=17193"}],"version-history":[{"count":0,"href":"https:\/\/observatoireprevention.org\/en\/wp-json\/wp\/v2\/pages\/17193\/revisions"}],"wp:attachment":[{"href":"https:\/\/observatoireprevention.org\/en\/wp-json\/wp\/v2\/media?parent=17193"}],"wp:term":[{"taxonomy":"author","embeddable":true,"href":"https:\/\/observatoireprevention.org\/en\/wp-json\/wp\/v2\/coauthors?post=17193"}],"curies":[{"name":"wp","href":"https:\/\/api.w.org\/{rel}","templated":true}]}}